{"id":88,"date":"2023-01-12T17:47:45","date_gmt":"2023-01-12T17:47:45","guid":{"rendered":"http:\/\/garbo-mk.pl\/?page_id=88"},"modified":"2024-07-25T10:35:36","modified_gmt":"2024-07-25T10:35:36","slug":"o-mnie","status":"publish","type":"page","link":"https:\/\/garbo-mk.pl\/?page_id=88","title":{"rendered":"O mnie"},"content":{"rendered":"\n<p>Maciej Kowal<\/p>\n\n\n\n<p>Jestem pracownikiem Katedry Dr\u00f3g i Most\u00f3w Wydzia\u0142u Budownictwa i Architektury Politechniki Lubelskiej od 2008 roku. Pracuj\u0119 jako adiunkt w grupie pracownik\u00f3w badawczo-dydaktycznych.<br>R\u00f3wnolegle od 2007 roku jestem zwi\u0105zany w wykonawstwem rob\u00f3t budowlanych w zakresie budowy obiekt\u00f3w mostowych.<br>Do\u015bwiadczenie w wykonawstwie rozpocz\u0105\u0142em w firmie Mota-Engil Polska, na stanowisku in\u017cyniera budowy. Moimi pierwszymi do\u015bwiadczeniami w wykonawstwie by\u0142y przebudowa zewn\u0119trznego uk\u0142adu komunikacyj-nego dla CH \u201eFelicity\u201d w Lublinie oraz przebudowa drogi krajowej nr 17 na odcinku Piaski\u2013\u0141opiennik G\u00f3rny od km 114+780 do km 131+297 wraz ze skrzy\u017cowaniem istniej\u0105cych dr\u00f3g 17 i 12 w m. Piaski.<br>W ramach obowi\u0105zk\u00f3w dydaktycznych prowadz\u0119 zaj\u0119cia na studiach I i II stopnia, zar\u00f3wno na studiach stacjonarnych jak i niestacjonar-nych.<br>By\u0142em cz\u0142onkiem zespo\u0142u odpowiedzialnego za pozyskanie 100-letniego mostu z m. \u0141abunie do cel\u00f3w dydaktycznych, a nast\u0119pnie przygotowa\u0144 do przetargu i nadzoru nad wykonaniem projektu odbudowy mostu.<br>W roku 2010 uzyska\u0142em uprawnienia do kierowania robotami budo-wlanymi bez ogranicze\u0144 w specjalno\u015bci mostowej. W roku 2015 uzyska\u0142em stopie\u0144 doktora nauk technicznych.<br>Bior\u0119 czynny udzia\u0142 w pozyskiwaniu i realizacji projekt\u00f3w badaw-czych. Efektem prowadzonej pracy naukowo-badawczej s\u0105 publikacje w czasopismach polskich i zagranicznych, monografie oraz referaty wyg\u0142aszane na konferencjach.<br>\u0141\u0105czenie zawodu in\u017cyniera budowlanego i pracownika naukowo-dydaktycznego, cho\u0107 nie jest \u0142atwe, sprawia mi wiele satysfakcji.<br>Do\u015bwiadczenie z budowy jest dla mnie pierwsz\u0105 warto\u015bci\u0105 dodan\u0105 do podstaw teoretycznych, kt\u00f3re staram si\u0119 przekaza\u0107 moim studentom.<br>Do\u015bwiadczenie z pracy badawczo-dydaktycznej jest dla mnie drug\u0105 warto\u015bci\u0105 dodan\u0105 do rozwijania praktyki zawodowej, w kt\u00f3rej pr\u00f3buj\u0119 wdra\u017ca\u0107 moje do\u015bwiadczenia z bada\u0144 i kontakt\u00f3w ze \u015bwiatem nauki i wsp\u00f3\u0142pracy ze studentami.<br>Jestem cz\u0142onkiem komisji zwi\u0105zanej jako\u015bci\u0105 kszta\u0142cenia na Wydziale Budownictwa i Architektury Politechniki Lubelskiej.<br>Posiadam tytu\u0142 Rzeczoznawcy Budowlanego w specjalno\u015bci mostowej obejmuj\u0105cej kierowanie robotami budowlanymi bez ogranicze\u0144.<\/p>\n\n\n\n<p>Garbo Maciej Kowal<\/p>\n\n\n\n<p>Dzia\u0142alno\u015b\u0107 gospodarcz\u0105 pod nazw\u0105 Garbo Maciej Kowal za\u0142o\u017cy\u0142em w 2020 roku, w Lublinie, w czasach dziwnych i nieprzewidywalnych. Od pocz\u0105tku, drobnymi krokami, rozwijam dzia\u0142alno\u015b\u0107 realizuj\u0105c kolejne zlecenia oraz zakres oferowanych us\u0142ug.<\/p>\n\n\n\n<p>Wieloletnie do\u015bwiadczenie w&nbsp;kierowaniu i nadzorowaniu prac budowlanych w zakresie budowy most\u00f3w i solidne podstawy teoretyczne zwi\u0105zane z wieloletni\u0105 prac\u0105 w Politechnice Lubelskiej oraz trwa\u0142a wsp\u00f3\u0142praca z do\u015bwiadczonymi i uznanymi biurami projektowymi i in\u017cynierami gwarantuj\u0105, \u017ce efekty moich prac s\u0105 optymalne.<\/p>\n\n\n\n<p>Szeroki zakres us\u0142ug, wykonywanych we&nbsp;w\u0142asnym zakresie, pozwala w efekcie na dostarczanie produktu ko\u0144cowego na odpowiednim poziomie, uwzgl\u0119dniaj\u0105cym indywidualne wymagania Inwestora.<\/p>\n\n\n\n<p><\/p>\n\n\n\n<p>Ka\u017cdy zadowolony efektem moich prac zleceniodawca, to mnie prawdziwa satysfakcja. <\/p>\n\n\n\n<p>Ciesz\u0119 si\u0119, \u017ce po\u015bwi\u0119ci\u0142a\u015b\/e\u015b czas, aby czego\u015b si\u0119 o mnie dowiedzie\u0107 i zach\u0119cam do zapoznania si\u0119 z moim portfolio.<\/p>\n","protected":false},"excerpt":{"rendered":"<p>Maciej Kowal Jestem pracownikiem Katedry Dr\u00f3g i Most\u00f3w Wydzia\u0142u Budownictwa i Architektury Politechniki Lubelskiej od 2008 roku. Pracuj\u0119 jako adiunkt w grupie pracownik\u00f3w badawczo-dydaktycznych.R\u00f3wnolegle od 2007 roku jestem zwi\u0105zany w wykonawstwem rob\u00f3t budowlanych w zakresie budowy obiekt\u00f3w mostowych.Do\u015bwiadczenie w wykonawstwie rozpocz\u0105\u0142em w firmie Mota-Engil Polska, na stanowisku in\u017cyniera budowy. Moimi pierwszymi do\u015bwiadczeniami w wykonawstwie by\u0142y&hellip; <a class=\"more-link\" href=\"https:\/\/garbo-mk.pl\/?page_id=88\">Continue reading <span class=\"screen-reader-text\">O mnie<\/span><\/a><\/p>\n","protected":false},"author":1,"featured_media":0,"parent":18,"menu_order":0,"comment_status":"closed","ping_status":"closed","template":"","meta":{"footnotes":""},"class_list":["post-88","page","type-page","status-publish","hentry","entry"],"_links":{"self":[{"href":"https:\/\/garbo-mk.pl\/index.php?rest_route=\/wp\/v2\/pages\/88","targetHints":{"allow":["GET"]}}],"collection":[{"href":"https:\/\/garbo-mk.pl\/index.php?rest_route=\/wp\/v2\/pages"}],"about":[{"href":"https:\/\/garbo-mk.pl\/index.php?rest_route=\/wp\/v2\/types\/page"}],"author":[{"embeddable":true,"href":"https:\/\/garbo-mk.pl\/index.php?rest_route=\/wp\/v2\/users\/1"}],"replies":[{"embeddable":true,"href":"https:\/\/garbo-mk.pl\/index.php?rest_route=%2Fwp%2Fv2%2Fcomments&post=88"}],"version-history":[{"count":8,"href":"https:\/\/garbo-mk.pl\/index.php?rest_route=\/wp\/v2\/pages\/88\/revisions"}],"predecessor-version":[{"id":258,"href":"https:\/\/garbo-mk.pl\/index.php?rest_route=\/wp\/v2\/pages\/88\/revisions\/258"}],"up":[{"embeddable":true,"href":"https:\/\/garbo-mk.pl\/index.php?rest_route=\/wp\/v2\/pages\/18"}],"wp:attachment":[{"href":"https:\/\/garbo-mk.pl\/index.php?rest_route=%2Fwp%2Fv2%2Fmedia&parent=88"}],"curies":[{"name":"wp","href":"https:\/\/api.w.org\/{rel}","templated":true}]}}