{"id":21,"date":"2023-01-12T12:54:26","date_gmt":"2023-01-12T12:54:26","guid":{"rendered":"http:\/\/garbo-mk.pl\/?page_id=21"},"modified":"2024-10-08T12:45:28","modified_gmt":"2024-10-08T12:45:28","slug":"blog","status":"publish","type":"page","link":"https:\/\/garbo-mk.pl\/?page_id=21","title":{"rendered":"Realizacje"},"content":{"rendered":"\n<div class=\"wp-block-buttons is-vertical is-layout-flex wp-container-core-buttons-is-layout-0abfb586 wp-block-buttons-is-layout-flex\">\n<div class=\"wp-block-button aligncenter\"><a class=\"wp-block-button__link wp-element-button\" href=\"https:\/\/garbo-mk.pl\/?page_id=65\"><strong>Doradztwo techniczne<\/strong><\/a><\/div>\n\n\n\n<div class=\"wp-block-button aligncenter\"><a class=\"wp-block-button__link wp-element-button\" href=\"https:\/\/garbo-mk.pl\/?page_id=68\"><strong>Dzia\u0142alno\u015b\u0107 ekspercka i projektowa<\/strong><\/a><\/div>\n\n\n\n<div class=\"wp-block-button aligncenter\"><a class=\"wp-block-button__link wp-element-button\" href=\"https:\/\/garbo-mk.pl\/?page_id=67\">Altanki, pergole, domki<\/a><\/div>\n<\/div>\n\n\n\n<p><\/p>\n","protected":false},"excerpt":{"rendered":"","protected":false},"author":1,"featured_media":0,"parent":0,"menu_order":0,"comment_status":"closed","ping_status":"closed","template":"","meta":{"footnotes":""},"class_list":["post-21","page","type-page","status-publish","hentry","entry"],"_links":{"self":[{"href":"https:\/\/garbo-mk.pl\/index.php?rest_route=\/wp\/v2\/pages\/21","targetHints":{"allow":["GET"]}}],"collection":[{"href":"https:\/\/garbo-mk.pl\/index.php?rest_route=\/wp\/v2\/pages"}],"about":[{"href":"https:\/\/garbo-mk.pl\/index.php?rest_route=\/wp\/v2\/types\/page"}],"author":[{"embeddable":true,"href":"https:\/\/garbo-mk.pl\/index.php?rest_route=\/wp\/v2\/users\/1"}],"replies":[{"embeddable":true,"href":"https:\/\/garbo-mk.pl\/index.php?rest_route=%2Fwp%2Fv2%2Fcomments&post=21"}],"version-history":[{"count":42,"href":"https:\/\/garbo-mk.pl\/index.php?rest_route=\/wp\/v2\/pages\/21\/revisions"}],"predecessor-version":[{"id":290,"href":"https:\/\/garbo-mk.pl\/index.php?rest_route=\/wp\/v2\/pages\/21\/revisions\/290"}],"wp:attachment":[{"href":"https:\/\/garbo-mk.pl\/index.php?rest_route=%2Fwp%2Fv2%2Fmedia&parent=21"}],"curies":[{"name":"wp","href":"https:\/\/api.w.org\/{rel}","templated":true}]}}