{"id":19,"date":"2023-01-12T12:54:26","date_gmt":"2023-01-12T12:54:26","guid":{"rendered":"http:\/\/garbo-mk.pl\/?page_id=19"},"modified":"2023-12-29T10:55:42","modified_gmt":"2023-12-29T10:55:42","slug":"informacje","status":"publish","type":"page","link":"https:\/\/garbo-mk.pl\/?page_id=19","title":{"rendered":"Oferta"},"content":{"rendered":"\n<p class=\"has-extra-large-font-size\">Zapraszam do zapoznania si\u0119 <br>z ofert\u0105 moich us\u0142ug<\/p>\n\n\n\n<div class=\"wp-block-columns alignwide is-layout-flex wp-container-core-columns-is-layout-9d6595d7 wp-block-columns-is-layout-flex\">\n<div class=\"wp-block-column has-yellow-background-color has-text-color has-background has-link-color wp-elements-b55e458409b60012edc0db800439db8f is-layout-flow wp-block-column-is-layout-flow\" style=\"color:#000000;padding-top:2em;padding-right:2em;padding-bottom:2em;padding-left:2em\">\n<h2 class=\"wp-block-heading\" id=\"single\" style=\"font-size:40px\"><strong>Doradztwo techniczne<\/strong><\/h2>\n\n\n\n<p class=\"has-normal-font-size\" style=\"line-height:1.5\"><\/p>\n\n\n\n<hr class=\"wp-block-separator has-text-color has-css-opacity has-background is-style-wide\" style=\"background-color:#000000;color:#000000\"\/>\n\n\n\n<ul class=\"wp-block-list\">\n<li>Nadzory inwestorskie w zakresie obiekt\u00f3w mostowych<\/li>\n\n\n\n<li>Kierowanie robotami budowlanymi w specjalno\u015bci mostowej<\/li>\n<\/ul>\n<\/div>\n\n\n\n<div class=\"wp-block-column has-yellow-background-color has-text-color has-background has-link-color wp-elements-5f2d0eecbc3d55cf384dd6f9d29c076d is-layout-flow wp-block-column-is-layout-flow\" style=\"color:#000000;padding-top:2em;padding-right:2em;padding-bottom:2em;padding-left:2em\">\n<h2 class=\"wp-block-heading\" id=\"family\" style=\"font-size:40px\"><strong>Dzia\u0142alno\u015b\u0107 ekspercka<\/strong><\/h2>\n\n\n\n<p class=\"has-normal-font-size\" style=\"line-height:1.5\"><\/p>\n\n\n\n<hr class=\"wp-block-separator has-css-opacity is-style-wide\"\/>\n\n\n\n<ul class=\"wp-block-list\">\n<li>Ekspertyzy  obiekt\u00f3w mostowych<\/li>\n\n\n\n<li>Przegl\u0105dy obiekt\u00f3w mostowych<\/li>\n\n\n\n<li>Diagnostyka obiekt\u00f3w mostowych <\/li>\n<\/ul>\n<\/div>\n<\/div>\n","protected":false},"excerpt":{"rendered":"<p>Zapraszam do zapoznania si\u0119 z ofert\u0105 moich us\u0142ug Doradztwo techniczne Dzia\u0142alno\u015b\u0107 ekspercka<\/p>\n","protected":false},"author":1,"featured_media":0,"parent":0,"menu_order":0,"comment_status":"closed","ping_status":"closed","template":"","meta":{"footnotes":""},"class_list":["post-19","page","type-page","status-publish","hentry","entry"],"_links":{"self":[{"href":"https:\/\/garbo-mk.pl\/index.php?rest_route=\/wp\/v2\/pages\/19","targetHints":{"allow":["GET"]}}],"collection":[{"href":"https:\/\/garbo-mk.pl\/index.php?rest_route=\/wp\/v2\/pages"}],"about":[{"href":"https:\/\/garbo-mk.pl\/index.php?rest_route=\/wp\/v2\/types\/page"}],"author":[{"embeddable":true,"href":"https:\/\/garbo-mk.pl\/index.php?rest_route=\/wp\/v2\/users\/1"}],"replies":[{"embeddable":true,"href":"https:\/\/garbo-mk.pl\/index.php?rest_route=%2Fwp%2Fv2%2Fcomments&post=19"}],"version-history":[{"count":7,"href":"https:\/\/garbo-mk.pl\/index.php?rest_route=\/wp\/v2\/pages\/19\/revisions"}],"predecessor-version":[{"id":228,"href":"https:\/\/garbo-mk.pl\/index.php?rest_route=\/wp\/v2\/pages\/19\/revisions\/228"}],"wp:attachment":[{"href":"https:\/\/garbo-mk.pl\/index.php?rest_route=%2Fwp%2Fv2%2Fmedia&parent=19"}],"curies":[{"name":"wp","href":"https:\/\/api.w.org\/{rel}","templated":true}]}}